{"id":350,"date":"2023-03-12T19:52:00","date_gmt":"2023-03-12T19:52:00","guid":{"rendered":"http:\/\/www.mnetwork.pl\/?page_id=350"},"modified":"2023-03-12T21:19:04","modified_gmt":"2023-03-12T21:19:04","slug":"realizacje","status":"publish","type":"page","link":"https:\/\/www.mnetwork.pl\/index.php\/realizacje\/","title":{"rendered":"Realizacje"},"content":{"rendered":"\t\t<div data-elementor-type=\"wp-page\" data-elementor-id=\"350\" class=\"elementor elementor-350\">\n\t\t\t\t\t\t\t\t\t<section class=\"elementor-section elementor-top-section elementor-element elementor-element-1342634 elementor-section-boxed elementor-section-height-default elementor-section-height-default\" data-id=\"1342634\" data-element_type=\"section\">\n\t\t\t\t\t\t<div class=\"elementor-container elementor-column-gap-default\">\n\t\t\t\t\t<div class=\"elementor-column elementor-col-100 elementor-top-column elementor-element elementor-element-c879af7\" data-id=\"c879af7\" data-element_type=\"column\">\n\t\t\t<div class=\"elementor-widget-wrap elementor-element-populated\">\n\t\t\t\t\t\t\t\t<div class=\"elementor-element elementor-element-5e3e985 elementor-widget elementor-widget-heading\" data-id=\"5e3e985\" data-element_type=\"widget\" data-widget_type=\"heading.default\">\n\t\t\t\t<div class=\"elementor-widget-container\">\n\t\t\t<style>\/*! elementor - v3.11.4 - 12-03-2023 *\/\n.elementor-heading-title{padding:0;margin:0;line-height:1}.elementor-widget-heading .elementor-heading-title[class*=elementor-size-]>a{color:inherit;font-size:inherit;line-height:inherit}.elementor-widget-heading .elementor-heading-title.elementor-size-small{font-size:15px}.elementor-widget-heading .elementor-heading-title.elementor-size-medium{font-size:19px}.elementor-widget-heading .elementor-heading-title.elementor-size-large{font-size:29px}.elementor-widget-heading .elementor-heading-title.elementor-size-xl{font-size:39px}.elementor-widget-heading .elementor-heading-title.elementor-size-xxl{font-size:59px}<\/style><h4 class=\"elementor-heading-title elementor-size-default\">Realizacje:<\/h4>\t\t<\/div>\n\t\t\t\t<\/div>\n\t\t\t\t<div class=\"elementor-element elementor-element-dd81a63 elementor-widget elementor-widget-text-editor\" data-id=\"dd81a63\" data-element_type=\"widget\" data-widget_type=\"text-editor.default\">\n\t\t\t\t<div class=\"elementor-widget-container\">\n\t\t\t<style>\/*! elementor - v3.11.4 - 12-03-2023 *\/\n.elementor-widget-text-editor.elementor-drop-cap-view-stacked .elementor-drop-cap{background-color:#818a91;color:#fff}.elementor-widget-text-editor.elementor-drop-cap-view-framed .elementor-drop-cap{color:#818a91;border:3px solid;background-color:transparent}.elementor-widget-text-editor:not(.elementor-drop-cap-view-default) .elementor-drop-cap{margin-top:8px}.elementor-widget-text-editor:not(.elementor-drop-cap-view-default) .elementor-drop-cap-letter{width:1em;height:1em}.elementor-widget-text-editor .elementor-drop-cap{float:left;text-align:center;line-height:1;font-size:50px}.elementor-widget-text-editor .elementor-drop-cap-letter{display:inline-block}<\/style>\t\t\t\t<ul><li><p>\u00a0Lata 2020-2022 &#8211; wykonanie dokumentacji projektowych telekomunikacyjnej sieci \u015bwiat\u0142owodowej w ramach Programu Operacyjnego Polska Cyfrowa pn. \u201eWyeliminowanie terytorialnych r\u00f3\u017cnic w mo\u017cliwo\u015bci dost\u0119pu do szerokopasmowego Internetu o wysokich przepustowo\u015bciach\u201d o \u0142\u0105cznej d\u0142ugo\u015bci 79km, zapewniaj\u0105cej pod\u0142\u0105czenie 1149 gospodarstw domowych do nowoczesnej sieci szerokopasmowej. Inwestor :Telekom Data Sp. z o.o.<\/p><\/li><li><p>Lata 2020-2022 &#8211; wykonanie dokumentacji projektowych telekomunikacyjnej sieci \u015bwiat\u0142owodowej w ramach Programu Operacyjnego Polska Cyfrowa pn. \u201eWyeliminowanie terytorialnych r\u00f3\u017cnic w mo\u017cliwo\u015bci dost\u0119pu do szerokopasmowego Internetu o wysokich przepustowo\u015bciach\u201d o \u0142\u0105cznej d\u0142ugo\u015bci 77km, zapewniaj\u0105cej pod\u0142\u0105czenie 1647 gospodarstw domowych do nowoczesnej sieci szerokopasmowej. Inwestor :FCA S.A.<\/p><\/li><li><p>Lata 2021-2023 \u2013 wykonanie dokumentacji projektowych dla \u015bwiat\u0142owodowej sieci telekomunikacyjnej w technologii FTTH \u2013 Zleceniodawca \u2013 Fonbud S.A.- Sp. K.<\/p><\/li><\/ul>\t\t\t\t\t\t<\/div>\n\t\t\t\t<\/div>\n\t\t\t\t\t<\/div>\n\t\t<\/div>\n\t\t\t\t\t\t\t<\/div>\n\t\t<\/section>\n\t\t\t\t\t\t\t<\/div>\n\t\t","protected":false},"excerpt":{"rendered":"<p>Realizacje: \u00a0Lata 2020-2022 &#8211; wykonanie dokumentacji projektowych telekomunikacyjnej sieci \u015bwiat\u0142owodowej w ramach Programu Operacyjnego Polska Cyfrowa pn. \u201eWyeliminowanie terytorialnych r\u00f3\u017cnic w mo\u017cliwo\u015bci dost\u0119pu do szerokopasmowego Internetu o wysokich przepustowo\u015bciach\u201d o \u0142\u0105cznej d\u0142ugo\u015bci 79km, zapewniaj\u0105cej pod\u0142\u0105czenie 1149 gospodarstw domowych do nowoczesnej sieci szerokopasmowej. Inwestor :Telekom Data Sp. z o.o. Lata 2020-2022 &#8211; wykonanie dokumentacji projektowych telekomunikacyjnej [&hellip;]<\/p>\n","protected":false},"author":1,"featured_media":0,"parent":0,"menu_order":0,"comment_status":"closed","ping_status":"closed","template":"","meta":{"_ti_tpc_template_sync":false,"_ti_tpc_template_id":""},"_links":{"self":[{"href":"https:\/\/www.mnetwork.pl\/index.php\/wp-json\/wp\/v2\/pages\/350"}],"collection":[{"href":"https:\/\/www.mnetwork.pl\/index.php\/wp-json\/wp\/v2\/pages"}],"about":[{"href":"https:\/\/www.mnetwork.pl\/index.php\/wp-json\/wp\/v2\/types\/page"}],"author":[{"embeddable":true,"href":"https:\/\/www.mnetwork.pl\/index.php\/wp-json\/wp\/v2\/users\/1"}],"replies":[{"embeddable":true,"href":"https:\/\/www.mnetwork.pl\/index.php\/wp-json\/wp\/v2\/comments?post=350"}],"version-history":[{"count":17,"href":"https:\/\/www.mnetwork.pl\/index.php\/wp-json\/wp\/v2\/pages\/350\/revisions"}],"predecessor-version":[{"id":429,"href":"https:\/\/www.mnetwork.pl\/index.php\/wp-json\/wp\/v2\/pages\/350\/revisions\/429"}],"wp:attachment":[{"href":"https:\/\/www.mnetwork.pl\/index.php\/wp-json\/wp\/v2\/media?parent=350"}],"curies":[{"name":"wp","href":"https:\/\/api.w.org\/{rel}","templated":true}]}}