{"id":267,"date":"2023-03-12T18:41:02","date_gmt":"2023-03-12T18:41:02","guid":{"rendered":"http:\/\/www.mnetwork.pl\/index.php\/our-story\/"},"modified":"2023-03-12T21:17:14","modified_gmt":"2023-03-12T21:17:14","slug":"oferta","status":"publish","type":"page","link":"https:\/\/www.mnetwork.pl\/index.php\/home\/oferta\/","title":{"rendered":"Oferta"},"content":{"rendered":"\t\t<div data-elementor-type=\"wp-page\" data-elementor-id=\"267\" class=\"elementor elementor-267\">\n\t\t\t\t\t\t\t\t\t<section class=\"elementor-section elementor-top-section elementor-element elementor-element-f9b2c53 elementor-section-boxed elementor-section-height-default elementor-section-height-default\" data-id=\"f9b2c53\" data-element_type=\"section\">\n\t\t\t\t\t\t<div class=\"elementor-container elementor-column-gap-default\">\n\t\t\t\t\t<main class=\"elementor-column elementor-col-100 elementor-top-column elementor-element elementor-element-cb6eb82\" data-id=\"cb6eb82\" data-element_type=\"column\" data-settings=\"{&quot;background_background&quot;:&quot;classic&quot;}\">\n\t\t\t<div class=\"elementor-widget-wrap elementor-element-populated\">\n\t\t\t\t\t\t\t\t<div class=\"elementor-element elementor-element-973d207 elementor-widget elementor-widget-text-editor\" data-id=\"973d207\" data-element_type=\"widget\" data-widget_type=\"text-editor.default\">\n\t\t\t\t<div class=\"elementor-widget-container\">\n\t\t\t<style>\/*! elementor - v3.11.4 - 12-03-2023 *\/\n.elementor-widget-text-editor.elementor-drop-cap-view-stacked .elementor-drop-cap{background-color:#818a91;color:#fff}.elementor-widget-text-editor.elementor-drop-cap-view-framed .elementor-drop-cap{color:#818a91;border:3px solid;background-color:transparent}.elementor-widget-text-editor:not(.elementor-drop-cap-view-default) .elementor-drop-cap{margin-top:8px}.elementor-widget-text-editor:not(.elementor-drop-cap-view-default) .elementor-drop-cap-letter{width:1em;height:1em}.elementor-widget-text-editor .elementor-drop-cap{float:left;text-align:center;line-height:1;font-size:50px}.elementor-widget-text-editor .elementor-drop-cap-letter{display:inline-block}<\/style>\t\t\t\t<p>MNETWORK jest firm\u0105 dzia\u0142aj\u0105c\u0105 na polskim rynku od 2020r. MNETWORK Sp\u00f3\u0142ka z o.o. \u015bwiadczy us\u0142ugi w zakresie prac projektowych w bran\u017cy teletechnicznej. Kompleksowo projektujemy m.in. \u015bwiat\u0142owodowe sieci doziemne, napowietrzne, sieci wewn\u0105trzbudynkowe FTTH oraz sieci oparte o system mikrokanalizacji \u015bwiat\u0142owodowej.<\/p><p>Biuro projektowe MNETWORK Sp. z o.o. sk\u0142ada si\u0119 z wykwalifikowanych projektant\u00f3w posiadaj\u0105cych niezb\u0119dne uprawnienia. Do\u015bwiadczona kadra jest gwarancj\u0105 dla inwestora na fachow\u0105, sprawn\u0105 i terminow\u0105 realizacj\u0119 ka\u017cdego powierzonego nam projektu.<\/p><p>W celu om\u00f3wienia szczeg\u00f3\u0142owych warunk\u00f3w wsp\u00f3\u0142pracy serdecznie zapraszamy do kontaktu.<\/p>\t\t\t\t\t\t<\/div>\n\t\t\t\t<\/div>\n\t\t\t\t\t<\/div>\n\t\t<\/main>\n\t\t\t\t\t\t\t<\/div>\n\t\t<\/section>\n\t\t\t\t\t\t\t<\/div>\n\t\t","protected":false},"excerpt":{"rendered":"<p>MNETWORK jest firm\u0105 dzia\u0142aj\u0105c\u0105 na polskim rynku od 2020r. MNETWORK Sp\u00f3\u0142ka z o.o. \u015bwiadczy us\u0142ugi w zakresie prac projektowych w bran\u017cy teletechnicznej. Kompleksowo projektujemy m.in. \u015bwiat\u0142owodowe sieci doziemne, napowietrzne, sieci wewn\u0105trzbudynkowe FTTH oraz sieci oparte o system mikrokanalizacji \u015bwiat\u0142owodowej. Biuro projektowe MNETWORK Sp. z o.o. sk\u0142ada si\u0119 z wykwalifikowanych projektant\u00f3w posiadaj\u0105cych niezb\u0119dne uprawnienia. Do\u015bwiadczona kadra [&hellip;]<\/p>\n","protected":false},"author":1,"featured_media":0,"parent":295,"menu_order":0,"comment_status":"closed","ping_status":"closed","template":"elementor_header_footer","meta":{"_ti_tpc_template_sync":false,"_ti_tpc_template_id":""},"_links":{"self":[{"href":"https:\/\/www.mnetwork.pl\/index.php\/wp-json\/wp\/v2\/pages\/267"}],"collection":[{"href":"https:\/\/www.mnetwork.pl\/index.php\/wp-json\/wp\/v2\/pages"}],"about":[{"href":"https:\/\/www.mnetwork.pl\/index.php\/wp-json\/wp\/v2\/types\/page"}],"author":[{"embeddable":true,"href":"https:\/\/www.mnetwork.pl\/index.php\/wp-json\/wp\/v2\/users\/1"}],"replies":[{"embeddable":true,"href":"https:\/\/www.mnetwork.pl\/index.php\/wp-json\/wp\/v2\/comments?post=267"}],"version-history":[{"count":50,"href":"https:\/\/www.mnetwork.pl\/index.php\/wp-json\/wp\/v2\/pages\/267\/revisions"}],"predecessor-version":[{"id":423,"href":"https:\/\/www.mnetwork.pl\/index.php\/wp-json\/wp\/v2\/pages\/267\/revisions\/423"}],"up":[{"embeddable":true,"href":"https:\/\/www.mnetwork.pl\/index.php\/wp-json\/wp\/v2\/pages\/295"}],"wp:attachment":[{"href":"https:\/\/www.mnetwork.pl\/index.php\/wp-json\/wp\/v2\/media?parent=267"}],"curies":[{"name":"wp","href":"https:\/\/api.w.org\/{rel}","templated":true}]}}